{"id":618,"date":"2023-03-08T11:12:11","date_gmt":"2023-03-08T11:12:11","guid":{"rendered":"https:\/\/www.asuni.com\/datenschutzerklaerung\/"},"modified":"2026-01-14T13:44:37","modified_gmt":"2026-01-14T13:44:37","slug":"datenschutzerklaerung","status":"publish","type":"page","link":"https:\/\/www.asuni.com\/de\/datenschutzerklaerung\/","title":{"rendered":"Datenschutzerkl\u00e4rung"},"content":{"rendered":"<p>[et_pb_section fb_built=&#8220;1&#8243; admin_label=&#8220;section&#8220; _builder_version=&#8220;4.16&#8243; global_colors_info=&#8220;{}&#8220;][et_pb_row admin_label=&#8220;row&#8220; _builder_version=&#8220;4.16&#8243; background_size=&#8220;initial&#8220; background_position=&#8220;top_left&#8220; background_repeat=&#8220;repeat&#8220; global_colors_info=&#8220;{}&#8220;][et_pb_column type=&#8220;4_4&#8243; _builder_version=&#8220;4.16&#8243; custom_padding=&#8220;|||&#8220; global_colors_info=&#8220;{}&#8220; custom_padding__hover=&#8220;|||&#8220;][et_pb_text admin_label=&#8220;Text&#8220; _builder_version=&#8220;4.24.3&#8243; background_size=&#8220;initial&#8220; background_position=&#8220;top_left&#8220; background_repeat=&#8220;repeat&#8220; global_colors_info=&#8220;{}&#8220;]<\/p>\n<h1>Datenschutzrichtlinien<\/h1>\n<p><\/p>\n<p><em>Aktualisiert: 7. April 2024<\/em><\/p>\n<p>[\/et_pb_text][et_pb_text admin_label=&#8220;Text&#8220; _builder_version=&#8220;4.24.3&#8243; background_size=&#8220;initial&#8220; background_position=&#8220;top_left&#8220; background_repeat=&#8220;repeat&#8220; global_colors_info=&#8220;{}&#8220;]Wir sind ein Unternehmen, in dem Informationstransparenz f\u00fcr den Aufbau vertrauensvoller Beziehungen zu den an unserem Projekt beteiligten Menschen sowie zu unseren Lieferanten und Kunden unerl\u00e4sslich ist; auch der Schutz der personenbezogenen Daten aller, die uns vertrauen, ist von entscheidender Bedeutung. Dementsprechend m\u00f6chten wir Sie mit dieser Datenschutzerkl\u00e4rung dar\u00fcber informieren, wie wir die Daten erheben, verarbeiten und nutzen.<\/p>\n<p>Die vorliegende Politik zum Schutz der Privatsph\u00e4re und der personenbezogenen Daten legt die Grundlagen fest, auf denen das Unternehmen die personenbezogenen Daten verarbeitet, die uns unsere Nutzer freiwillig \u00fcber die Website \u00fcbermitteln.<\/p>\n<p>Die vorliegende Datenschutzerkl\u00e4rung findet Anwendung, wenn das Unternehmen Ihre pers\u00f6nlichen Daten \u00fcber die verschiedenen Kontaktformulare auf dieser Website erfasst. Bei der Verarbeitung Ihrer personenbezogenen Daten fungiert das Unternehmen als Datenverantwortlicher. <br \/> [\/et_pb_text][et_pb_text admin_label=&#8220;Text&#8220; _builder_version=&#8220;4.24.3&#8243; background_size=&#8220;initial&#8220; background_position=&#8220;top_left&#8220; background_repeat=&#8220;repeat&#8220; global_colors_info=&#8220;{}&#8220;]<\/p>\n<h3>WIR VERPFLICHTEN UNS<\/h3>\n<p><\/p>\n<ul>\n<li>Die Privatsph\u00e4re unserer Nutzer zu respektieren und ihre personenbezogenen Daten mit ihrer Zustimmung zu verarbeiten.<\/li>\n<li>Die pers\u00f6nlichen Daten zu verarbeiten, die wir unbedingt ben\u00f6tigen um die angeforderte Dienstleistung zu erbringen, und die Daten sicher und vertraulich zu verarbeiten, indem wir die notwendigen Ma\u00dfnahmen ergreifen, um unbefugten Zugriff und missbr\u00e4uchliche Verwendung zu verhindern.<\/li>\n<li>Keine personenbezogenen Daten f\u00fcr Zwecke zu verwenden, f\u00fcr die wir nicht zuvor die Zustimmung erhalten haben.<\/li>\n<li>Keine pers\u00f6nlichen Informationen an Dritte zu \u00fcbermitteln oder solche Daten weiterzugeben.<\/li>\n<li>Personenbezogene Daten so lange aufzubewahren, wie es f\u00fcr den spezifischen Zweck, f\u00fcr den die Daten bereitgestellt wurden, unbedingt erforderlich ist, mit regelm\u00e4\u00dfiger \u00dcberpr\u00fcfung dieser Erfordernisse und L\u00f6schung nicht erforderlicher Daten.<\/li>\n<\/ul>\n<p>[\/et_pb_text][et_pb_text _builder_version=&#8220;4.24.3&#8243; _module_preset=&#8220;default&#8220; global_colors_info=&#8220;{}&#8220;]<\/p>\n<h3>WER IST F\u00dcR DIE DATENVERARBEITUNG VERANTWORTLICH<\/h3>\n<p><\/p>\n<table border=\"1\" style=\"border-collapse: collapse; width: 100%;\">\n<tbody>\n<tr>\n<td style=\"width: 50%;\">Name des Unternehmens<\/td>\n<td style=\"width: 50%;\">Asuni Soft S.L.<\/td>\n<\/tr>\n<tr>\n<td style=\"width: 50%;\">STEUERNUMMER<\/td>\n<td style=\"width: 50%;\">ESB62897731<\/td>\n<\/tr>\n<tr>\n<td style=\"width: 50%;\">Adresse<\/td>\n<td style=\"width: 50%;\">Roger de Flor, 32-34<\/td>\n<\/tr>\n<tr>\n<td style=\"width: 50%;\">Postleitzahl<\/td>\n<td style=\"width: 50%;\">08018<\/td>\n<\/tr>\n<tr>\n<td style=\"width: 50%;\">Ort<\/td>\n<td style=\"width: 50%;\">Barcelona<\/td>\n<\/tr>\n<tr>\n<td style=\"width: 50%;\">Land<\/td>\n<td style=\"width: 50%;\">SPANIEN<\/td>\n<\/tr>\n<\/tbody>\n<\/table>\n<p>[\/et_pb_text][et_pb_text _builder_version=&#8220;4.24.3&#8243; _module_preset=&#8220;default&#8220; global_colors_info=&#8220;{}&#8220;]<\/p>\n<h3>WAS SIND PERSONENBEZOGENE DATEN UND DIE VERARBEITUNG PERSONENBEZOGENER DATEN<\/h3>\n<p><\/p>\n<p>Personenbezogene Daten sind alle Informationen, die sich auf eine bestimmte oder bestimmbare nat\u00fcrliche Person (&#8222;betroffene Person&#8220;) beziehen&#8216;); eine identifizierbare nat\u00fcrliche Person ist eine Person, die direkt oder indirekt identifiziert werden kann, insbesondere durch Zuordnung zu einer Kennung wie einem Namen, zu einer Kennnummer, zu Standortdaten, zu einer Online-Kennung oder zu einem oder mehreren besonderen Merkmalen, die Ausdruck der physischen, physiologischen, genetischen, psychischen, wirtschaftlichen, kulturellen oder sozialen Identit\u00e4t dieser nat\u00fcrlichen Person sind.<\/p>\n<p><\/p>\n<p>Als Verarbeitung gilt ferner jeder mit oder ohne Hilfe automatisierter Verfahren ausgef\u00fchrte Vorgang oder jede Vorgangsreihe im Zusammenhang mit personenbezogenen Daten oder einer Reihe personenbezogener Daten wie das Erheben, das Speichern, die Organisation, die Strukturierung, die Aufbewahrung, die Anpassung oder Ver\u00e4nderung, das Auslesen, das Abfragen, die Benutzung, die Weitergabe durch \u00dcbermittlung, Verbreitung oder jede andere Form der Bereitstellung, die Abgleichung oder Verkn\u00fcpfung sowie das Einschr\u00e4nken, L\u00f6schen oder Vernichten.<\/p>\n<p>[\/et_pb_text][et_pb_text _builder_version=&#8220;4.24.3&#8243; _module_preset=&#8220;default&#8220; global_colors_info=&#8220;{}&#8220;]<\/p>\n<h3>WELCHE DATENVERARBEITUNG WIR DURCHF\u00dcHREN UND ZU WELCHEN ZWECKEN<\/h3>\n<p><\/p>\n<ul>\n<li>Anforderung von Benutzerinformationen. Zur Verwaltung der Informationsanfragen die der Nutzer \u00fcber das Kontaktformular, das Bewerbungsformular und\/oder \u00fcber die auf der Website angegebene E-Mail-Adresse, Postanschrift und Telefonnummer \u00fcbermittelt.<\/li>\n<li>Abonnieren von Newslettern. Zur Verwaltung des Abonnements von Newslettern.<\/li>\n<\/ul>\n<p>[\/et_pb_text][et_pb_text _builder_version=&#8220;4.24.3&#8243; _module_preset=&#8220;default&#8220; global_colors_info=&#8220;{}&#8220;]<\/p>\n<h3>WELCHE PERS\u00d6NLICHEN INFORMATIONEN WIR SAMMELN<\/h3>\n<p><\/p>\n<p>\u00dcber unsere Website k\u00f6nnen wir personenbezogene Daten f\u00fcr verschiedene Zwecke erfassen:<\/p>\n<p><\/p>\n<ul>\n<li>Anforderung von Benutzerinformationen. Wir erfassen die personenbezogenen Daten, die Sie uns zur Verf\u00fcgung gestellt haben, um Ihre Anfrage zu beantworten.<\/li>\n<li>Abonnieren von Newslettern. Wir werden Ihre E-Mail-Adresse erfassen.<\/li>\n<\/ul>\n<p><\/p>\n<p>Je nach dem Zweck, f\u00fcr den die Daten bereitgestellt werden, werden nur die unbedingt erforderlichen Daten angefordert.<\/p>\n<p><\/p>\n<p>Es ist wichtig, dass der Nutzer \/ die Nutzerin sich \u00fcber die von ihm\/ihr angegebenen Daten und den Zweck, zu dem sie angegeben werden, im Klaren ist, denn damit erm\u00e4chtigt er\/sie uns, diese Daten f\u00fcr den gew\u00fcnschten Zweck zu erheben, zu speichern und zu verwenden, und er\/sie kann die auf dem entsprechenden Weg erteilte Einwilligung jederzeit widerrufen, wobei die Einwilligung des\/der Betroffenen die Rechtsgrundlage und Legitimation f\u00fcr die Verarbeitung seiner\/ihrer personenbezogenen Daten darstellt.<\/p>\n<p>[\/et_pb_text][et_pb_text _builder_version=&#8220;4.24.3&#8243; _module_preset=&#8220;default&#8220; global_colors_info=&#8220;{}&#8220;]<\/p>\n<h3>DIE RECHTM\u00c4SSIGE GRUNDLAGE F\u00dcR DIE VERARBEITUNG IHRER PERSONENBEZOGENEN DATEN<\/h3>\n<p><\/p>\n<p>Nach der geltenden Datenschutzverordnung ben\u00f6tigen wir eine legitime Grundlage f\u00fcr die Verarbeitung Ihrer personenbezogenen Daten. Die rechtm\u00e4\u00dfige Grundlage ist in diesem Fall Ihre Einwilligung.<\/p>\n<p>[\/et_pb_text][et_pb_text _builder_version=&#8220;4.24.3&#8243; _module_preset=&#8220;default&#8220; global_colors_info=&#8220;{}&#8220;]<\/p>\n<h3>WELCHE RECHTE HABEN SIE IN BEZUG AUF DIE \u00dcBERMITTELTEN PERSONENBEZOGENEN DATEN?<\/h3>\n<p><\/p>\n<p>Als Benutzer k\u00f6nnen Sie die folgenden Rechte aus\u00fcben:<\/p>\n<p><\/p>\n<ul>\n<li><strong>Recht auf Zugang<\/strong>: Sie haben das Recht, von dem Unternehmen eine Best\u00e4tigung dar\u00fcber zu erhalten, ob Sie betreffende personenbezogene Daten verarbeitet werden, und, wenn dies der Fall ist, Zugang zu den personenbezogenen Daten zu erhalten.<\/li>\n<li><strong>Recht auf Berichtigung<\/strong>: Sie haben das Recht, von dem Unternehmen ohne unn\u00f6tige Verz\u00f6gerung die Berichtigung Sie betreffender unrichtiger personenbezogener Daten zu verlangen. In dem Berichtigungsantrag sollten Sie die personenbezogenen Daten angeben, die Sie berichtigen m\u00f6chten.<\/li>\n<li><strong>Einspruchsrecht<\/strong>: Sie haben das Recht, aus Gr\u00fcnden, die sich aus Ihrer besonderen Situation ergeben, jederzeit gegen die Verarbeitung Sie betreffender personenbezogener Daten, die auf einem berechtigten Interesse beruhen, Widerspruch einzulegen. Das Unternehmen verarbeitet die personenbezogenen Daten nicht mehr, es sei denn, das Unternehmen kann zwingende schutzw\u00fcrdige Gr\u00fcnde f\u00fcr die Verarbeitung nachweisen, die die Interessen, Rechte und Freiheiten der betroffenen Person \u00fcberwiegen, oder die Verarbeitung dient der Geltendmachung, Aus\u00fcbung oder Verteidigung von Rechtsanspr\u00fcchen.<\/li>\n<li><strong>Recht auf L\u00f6schung<\/strong>: Sie haben das Recht, von dem Unternehmen die L\u00f6schung der Sie betreffenden personenbezogenen Daten zu verlangen.<\/li>\n<li><strong>Recht auf Daten\u00fcbertragbarkeit<\/strong>: Sie haben das Recht, Ihre personenbezogenen Daten, die Sie dem Unternehmen zur Verf\u00fcgung gestellt haben, in einem strukturierten, g\u00e4ngigen und maschinenlesbaren Format zu erhalten, und Sie haben das Recht, diese Daten einem anderen f\u00fcr die Verarbeitung Verantwortlichen zu \u00fcbermitteln, ohne dass der f\u00fcr die Verarbeitung Verantwortliche, dem die personenbezogenen Daten zur Verf\u00fcgung gestellt wurden, Sie daran hindert.<\/li>\n<li><strong>Recht auf Einschr\u00e4nkung der Verarbeitung<\/strong>: Sie haben das Recht, von dem Unternehmen eine Einschr\u00e4nkung der Verarbeitung zu verlangen, wenn: die Richtigkeit der personenbezogenen Daten von der betroffenen Person bestritten wird; die Verarbeitung unrechtm\u00e4\u00dfig ist und die betroffene Person die L\u00f6schung der personenbezogenen Daten ablehnt und stattdessen die Einschr\u00e4nkung ihrer Verwendung verlangt; der f\u00fcr die Verarbeitung Verantwortliche die personenbezogenen Daten f\u00fcr die Zwecke der Verarbeitung nicht mehr ben\u00f6tigt, sie aber von der betroffenen Person zur Begr\u00fcndung, Aus\u00fcbung oder Verteidigung von Rechtsanspr\u00fcchen ben\u00f6tigt werden.<\/li>\n<\/ul>\n<p><\/p>\n<p>Sie k\u00f6nnen Ihre Rechte aus\u00fcben, indem Sie einen Antrag an die oben genannte Adresse oder per E-Mail an die E-Mail-Adresse privacy@asuni.com senden<br \/>Zusammen mit Ihrem Antrag m\u00fcssen Sie eine Kopie Ihres Personalausweises einreichen.<\/p>\n<p><\/p>\n<p>Ebenso informieren wir Sie, dass Sie, wenn Sie mit unserer Antwort nicht zufrieden sind, eine Beschwerde bei der zust\u00e4ndigen Beh\u00f6rde (<em>Agencia Espa\u00f1ola de Protecci\u00f3n de Datos<\/em>) einreichen k\u00f6nnen.<\/p>\n<p>[\/et_pb_text][et_pb_text _builder_version=&#8220;4.24.3&#8243; _module_preset=&#8220;default&#8220; global_colors_info=&#8220;{}&#8220;]<\/p>\n<h3>DATENSICHERHEIT UND -SPEICHERUNG<\/h3>\n<p><\/p>\n<p>Wir bewahren die Daten so lange auf, wie es f\u00fcr die Erbringung der angeforderten Dienstleistung unbedingt erforderlich ist und solange die betroffene Person nicht ihre L\u00f6schung verlangt, wobei wir geeignete technische und organisatorische Ma\u00dfnahmen gegen unbefugte oder rechtswidrige Verarbeitung und gegen zuf\u00e4lligen Verlust, Zerst\u00f6rung oder Besch\u00e4digung ergreifen und alles tun, um die Daten zu sch\u00fctzen und sicher zu erhalten.<\/p>\n<p>[\/et_pb_text][et_pb_text _builder_version=&#8220;4.24.3&#8243; _module_preset=&#8220;default&#8220; global_colors_info=&#8220;{}&#8220;]<\/p>\n<h3>ADRESSATEN DER PERSONENBEZOGENEN DATEN:<\/h3>\n<p><\/p>\n<p>Das Unternehmen gibt Ihre pers\u00f6nlichen Daten nicht an Dritte weiter, es sei denn, dies ist gesetzlich vorgeschrieben oder f\u00fcr die Erbringung der gew\u00fcnschten Dienstleistung erforderlich.<\/p>\n<p><\/p>\n<p>Eine internationale \u00dcbermittlung von personenbezogenen Daten ist nicht vorgesehen.<\/p>\n<p>[\/et_pb_text][et_pb_text _builder_version=&#8220;4.27.5&#8243; _module_preset=&#8220;default&#8220; global_colors_info=&#8220;{}&#8220;]<\/p>\n<p><a href=\"https:\/\/www.asuni.com\/de\/cookie-richtlinie\/\"><strong>Cookie-Richtlinie<\/strong><\/a><\/p>\n<p>[\/et_pb_text][\/et_pb_column][\/et_pb_row][\/et_pb_section]<\/p>\n","protected":false},"excerpt":{"rendered":"<p>DatenschutzrichtlinienAktualisiert: 7. April 2024Wir sind ein Unternehmen, in dem Informationstransparenz f\u00fcr den Aufbau vertrauensvoller Beziehungen zu den an unserem Projekt beteiligten Menschen sowie zu unseren Lieferanten und Kunden unerl\u00e4sslich ist; auch der Schutz der personenbezogenen Daten aller, die uns vertrauen, ist von entscheidender Bedeutung. Dementsprechend m\u00f6chten wir Sie mit dieser Datenschutzerkl\u00e4rung dar\u00fcber informieren, wie wir [&hellip;]<\/p>\n","protected":false},"author":1,"featured_media":0,"parent":0,"menu_order":0,"comment_status":"closed","ping_status":"open","template":"","meta":{"_et_pb_use_builder":"on","_et_pb_old_content":"","_et_gb_content_width":"","_monsterinsights_skip_tracking":false,"_monsterinsights_sitenote_active":false,"_monsterinsights_sitenote_note":"","_monsterinsights_sitenote_category":0,"footnotes":""},"class_list":["post-618","page","type-page","status-publish","hentry"],"yoast_head":"<!-- This site is optimized with the Yoast SEO plugin v27.2 - https:\/\/yoast.com\/product\/yoast-seo-wordpress\/ -->\n<title>Datenschutzerkl\u00e4rung - Asuni<\/title>\n<meta name=\"robots\" content=\"index, follow, max-snippet:-1, max-image-preview:large, max-video-preview:-1\" \/>\n<link rel=\"canonical\" href=\"https:\/\/www.asuni.com\/de\/datenschutzerklaerung\/\" \/>\n<meta property=\"og:locale\" content=\"de_DE\" \/>\n<meta property=\"og:type\" content=\"article\" \/>\n<meta property=\"og:title\" content=\"Datenschutzerkl\u00e4rung - Asuni\" \/>\n<meta property=\"og:description\" content=\"DatenschutzrichtlinienAktualisiert: 7. April 2024Wir sind ein Unternehmen, in dem Informationstransparenz f\u00fcr den Aufbau vertrauensvoller Beziehungen zu den an unserem Projekt beteiligten Menschen sowie zu unseren Lieferanten und Kunden unerl\u00e4sslich ist; auch der Schutz der personenbezogenen Daten aller, die uns vertrauen, ist von entscheidender Bedeutung. Dementsprechend m\u00f6chten wir Sie mit dieser Datenschutzerkl\u00e4rung dar\u00fcber informieren, wie wir [&hellip;]\" \/>\n<meta property=\"og:url\" content=\"https:\/\/www.asuni.com\/de\/datenschutzerklaerung\/\" \/>\n<meta property=\"og:site_name\" content=\"Asuni\" \/>\n<meta property=\"article:modified_time\" content=\"2026-01-14T13:44:37+00:00\" \/>\n<meta property=\"og:image\" content=\"https:\/\/www.asuni.com\/wp-content\/uploads\/2026\/02\/cropped-a-logo-asuni-para-circulos.png\" \/>\n\t<meta property=\"og:image:width\" content=\"512\" \/>\n\t<meta property=\"og:image:height\" content=\"512\" \/>\n\t<meta property=\"og:image:type\" content=\"image\/png\" \/>\n<meta name=\"twitter:card\" content=\"summary_large_image\" \/>\n<meta name=\"twitter:label1\" content=\"Gesch\u00e4tzte Lesezeit\" \/>\n\t<meta name=\"twitter:data1\" content=\"7\u00a0Minuten\" \/>\n<script type=\"application\/ld+json\" class=\"yoast-schema-graph\">{\"@context\":\"https:\/\/schema.org\",\"@graph\":[{\"@type\":\"WebPage\",\"@id\":\"https:\/\/www.asuni.com\/de\/datenschutzerklaerung\/\",\"url\":\"https:\/\/www.asuni.com\/de\/datenschutzerklaerung\/\",\"name\":\"Datenschutzerkl\u00e4rung - Asuni\",\"isPartOf\":{\"@id\":\"https:\/\/www.asuni.com\/#website\"},\"datePublished\":\"2023-03-08T11:12:11+00:00\",\"dateModified\":\"2026-01-14T13:44:37+00:00\",\"breadcrumb\":{\"@id\":\"https:\/\/www.asuni.com\/de\/datenschutzerklaerung\/#breadcrumb\"},\"inLanguage\":\"de\",\"potentialAction\":[{\"@type\":\"ReadAction\",\"target\":[\"https:\/\/www.asuni.com\/de\/datenschutzerklaerung\/\"]}]},{\"@type\":\"BreadcrumbList\",\"@id\":\"https:\/\/www.asuni.com\/de\/datenschutzerklaerung\/#breadcrumb\",\"itemListElement\":[{\"@type\":\"ListItem\",\"position\":1,\"name\":\"Home\",\"item\":\"https:\/\/www.asuni.com\/de\/wir-ueber-uns\/\"},{\"@type\":\"ListItem\",\"position\":2,\"name\":\"Datenschutzerkl\u00e4rung\"}]},{\"@type\":\"WebSite\",\"@id\":\"https:\/\/www.asuni.com\/#website\",\"url\":\"https:\/\/www.asuni.com\/\",\"name\":\"Asuni\",\"description\":\"3D design software\",\"potentialAction\":[{\"@type\":\"SearchAction\",\"target\":{\"@type\":\"EntryPoint\",\"urlTemplate\":\"https:\/\/www.asuni.com\/?s={search_term_string}\"},\"query-input\":{\"@type\":\"PropertyValueSpecification\",\"valueRequired\":true,\"valueName\":\"search_term_string\"}}],\"inLanguage\":\"de\"}]}<\/script>\n<!-- \/ Yoast SEO plugin. -->","yoast_head_json":{"title":"Datenschutzerkl\u00e4rung - Asuni","robots":{"index":"index","follow":"follow","max-snippet":"max-snippet:-1","max-image-preview":"max-image-preview:large","max-video-preview":"max-video-preview:-1"},"canonical":"https:\/\/www.asuni.com\/de\/datenschutzerklaerung\/","og_locale":"de_DE","og_type":"article","og_title":"Datenschutzerkl\u00e4rung - Asuni","og_description":"DatenschutzrichtlinienAktualisiert: 7. April 2024Wir sind ein Unternehmen, in dem Informationstransparenz f\u00fcr den Aufbau vertrauensvoller Beziehungen zu den an unserem Projekt beteiligten Menschen sowie zu unseren Lieferanten und Kunden unerl\u00e4sslich ist; auch der Schutz der personenbezogenen Daten aller, die uns vertrauen, ist von entscheidender Bedeutung. Dementsprechend m\u00f6chten wir Sie mit dieser Datenschutzerkl\u00e4rung dar\u00fcber informieren, wie wir [&hellip;]","og_url":"https:\/\/www.asuni.com\/de\/datenschutzerklaerung\/","og_site_name":"Asuni","article_modified_time":"2026-01-14T13:44:37+00:00","og_image":[{"width":512,"height":512,"url":"https:\/\/www.asuni.com\/wp-content\/uploads\/2026\/02\/cropped-a-logo-asuni-para-circulos.png","type":"image\/png"}],"twitter_card":"summary_large_image","twitter_misc":{"Gesch\u00e4tzte Lesezeit":"7\u00a0Minuten"},"schema":{"@context":"https:\/\/schema.org","@graph":[{"@type":"WebPage","@id":"https:\/\/www.asuni.com\/de\/datenschutzerklaerung\/","url":"https:\/\/www.asuni.com\/de\/datenschutzerklaerung\/","name":"Datenschutzerkl\u00e4rung - Asuni","isPartOf":{"@id":"https:\/\/www.asuni.com\/#website"},"datePublished":"2023-03-08T11:12:11+00:00","dateModified":"2026-01-14T13:44:37+00:00","breadcrumb":{"@id":"https:\/\/www.asuni.com\/de\/datenschutzerklaerung\/#breadcrumb"},"inLanguage":"de","potentialAction":[{"@type":"ReadAction","target":["https:\/\/www.asuni.com\/de\/datenschutzerklaerung\/"]}]},{"@type":"BreadcrumbList","@id":"https:\/\/www.asuni.com\/de\/datenschutzerklaerung\/#breadcrumb","itemListElement":[{"@type":"ListItem","position":1,"name":"Home","item":"https:\/\/www.asuni.com\/de\/wir-ueber-uns\/"},{"@type":"ListItem","position":2,"name":"Datenschutzerkl\u00e4rung"}]},{"@type":"WebSite","@id":"https:\/\/www.asuni.com\/#website","url":"https:\/\/www.asuni.com\/","name":"Asuni","description":"3D design software","potentialAction":[{"@type":"SearchAction","target":{"@type":"EntryPoint","urlTemplate":"https:\/\/www.asuni.com\/?s={search_term_string}"},"query-input":{"@type":"PropertyValueSpecification","valueRequired":true,"valueName":"search_term_string"}}],"inLanguage":"de"}]}},"_links":{"self":[{"href":"https:\/\/www.asuni.com\/de\/wp-json\/wp\/v2\/pages\/618","targetHints":{"allow":["GET"]}}],"collection":[{"href":"https:\/\/www.asuni.com\/de\/wp-json\/wp\/v2\/pages"}],"about":[{"href":"https:\/\/www.asuni.com\/de\/wp-json\/wp\/v2\/types\/page"}],"author":[{"embeddable":true,"href":"https:\/\/www.asuni.com\/de\/wp-json\/wp\/v2\/users\/1"}],"replies":[{"embeddable":true,"href":"https:\/\/www.asuni.com\/de\/wp-json\/wp\/v2\/comments?post=618"}],"version-history":[{"count":5,"href":"https:\/\/www.asuni.com\/de\/wp-json\/wp\/v2\/pages\/618\/revisions"}],"predecessor-version":[{"id":645,"href":"https:\/\/www.asuni.com\/de\/wp-json\/wp\/v2\/pages\/618\/revisions\/645"}],"wp:attachment":[{"href":"https:\/\/www.asuni.com\/de\/wp-json\/wp\/v2\/media?parent=618"}],"curies":[{"name":"wp","href":"https:\/\/api.w.org\/{rel}","templated":true}]}}