{"id":607,"date":"2023-03-08T11:12:11","date_gmt":"2023-03-08T11:12:11","guid":{"rendered":"https:\/\/www.asuni.com\/politica-de-privacidad\/"},"modified":"2026-01-14T13:45:04","modified_gmt":"2026-01-14T13:45:04","slug":"politica-de-privacidad","status":"publish","type":"page","link":"https:\/\/www.asuni.com\/es\/politica-de-privacidad\/","title":{"rendered":"Pol\u00edtica de privacidad"},"content":{"rendered":"<p>[et_pb_section fb_built=\u00bb1&#8243; admin_label=\u00bbsection\u00bb _builder_version=\u00bb4.16&#8243; global_colors_info=\u00bb{}\u00bb][et_pb_row admin_label=\u00bbfila\u00bb _builder_version=\u00bb4.16&#8243; background_size=\u00bbinitial\u00bb background_position=\u00bbtop_left\u00bb background_repeat=\u00bbrepeat\u00bb global_colors_info=\u00bb{}\u00bb][et_pb_column type=\u00bb4_4&#8243; _builder_version=\u00bb4.16&#8243; custom_padding=\u00bb|||\u00bb global_colors_info=\u00bb{}\u00bb custom_padding__hover=\u00bb|||\u00bb][et_pb_text admin_label=\u00bbText\u00bb _builder_version=\u00bb4.24.3&#8243; background_size=\u00bbinitial\u00bb background_position=\u00bbtop_left\u00bb background_repeat=\u00bbrepeat\u00bb global_colors_info=\u00bb{}\u00bb]<\/p>\n<h1>Pol\u00edtica de privacidad<\/h1>\n<p><\/p>\n<p><em>Actualizaci\u00f3n: 7 de abril, 2024<\/em><\/p>\n<p>[\/et_pb_text][et_pb_text admin_label=\u00bbText\u00bb _builder_version=\u00bb4.24.3&#8243; background_size=\u00bbinitial\u00bb background_position=\u00bbtop_left\u00bb background_repeat=\u00bbrepeat\u00bb global_colors_info=\u00bb{}\u00bb]<\/p>\n<p>Somos una empresa en la que la transparencia informativa es esencial para establecer relaciones de confianza con las personas que integran nuestro proyecto y con nuestros proveedores y clientes, y proteger los datos personales de quienes conf\u00edan en nosotros es de vital importancia. En consecuencia, queremos que esta Pol\u00edtica de Privacidad le informe sobre c\u00f3mo recogemos, procesamos y utilizamos los datos. La presente Pol\u00edtica de Privacidad y Protecci\u00f3n de Datos Personales establece las bases sobre las que la empresa trata los datos personales que nuestros usuarios nos remiten voluntariamente a trav\u00e9s del sitio web. La presente Pol\u00edtica de Privacidad ser\u00e1 de aplicaci\u00f3n cuando la empresa recabe sus datos de car\u00e1cter personal a trav\u00e9s de los distintos formularios de contacto disponibles en este sitio web. En el tratamiento de sus datos personales, la empresa actuar\u00e1 como responsable del tratamiento.<\/p>\n<p><\/p>\n<p>&nbsp;<\/p>\n<p> [\/et_pb_text][et_pb_text admin_label=\u00bbText\u00bb _builder_version=\u00bb4.24.3&#8243; background_size=\u00bbinitial\u00bb background_position=\u00bbtop_left\u00bb background_repeat=\u00bbrepeat\u00bb global_colors_info=\u00bb{}\u00bb]<\/p>\n<h3>NUESTRO COMPROMISO<\/h3>\n<p><\/p>\n<ul>\n<li>Respetar la privacidad de nuestros usuarios y procesar sus datos personales con su consentimiento.<\/li>\n<li>Tratar los datos personales que estrictamente necesitemos para prestar el servicio solicitado y tratar los datos de forma segura y confidencial, adoptando las medidas necesarias para evitar el acceso no autorizado y el uso indebido de los mismos.<\/li>\n<li>No utilizar los datos personales para fines para los que no hayamos obtenido previamente su consentimiento.<\/li>\n<li>No enviar informaci\u00f3n personal a terceros ni compartir dichos datos.<\/li>\n<li>Conservar los datos personales durante el tiempo estrictamente necesario para la finalidad concreta para la que fueron facilitados, con revisi\u00f3n peri\u00f3dica de dichas necesidades y supresi\u00f3n de los datos que no sean necesarios.<\/li>\n<\/ul>\n<p>[\/et_pb_text][et_pb_text _builder_version=\u00bb4.24.3&#8243; _module_preset=\u00bbdefault\u00bb global_colors_info=\u00bb{}\u00bb]<\/p>\n<h3>IDENTIFICACI\u00d3N DEL RESPONSABLE DEL TRATAMIENTO<\/h3>\n<p><\/p>\n<table border=\"1\" style=\"border-collapse: collapse; width: 100%;\">\n<tbody>\n<tr>\n<td style=\"width: 50%;\">Nombre de la empresa<\/td>\n<td style=\"width: 50%;\">Asuni Soft S.L.<\/td>\n<\/tr>\n<tr>\n<td style=\"width: 50%;\">CIF<\/td>\n<td style=\"width: 50%;\">ESB62897731<\/td>\n<\/tr>\n<tr>\n<td style=\"width: 50%;\">Direcci\u00f3n<\/td>\n<td style=\"width: 50%;\">Roger de Flor, 32-34<\/td>\n<\/tr>\n<tr>\n<td style=\"width: 50%;\">C\u00f3digo postal<\/td>\n<td style=\"width: 50%;\">08018<\/td>\n<\/tr>\n<tr>\n<td style=\"width: 50%;\">Ubicaci\u00f3n <\/td>\n<td style=\"width: 50%;\">Barcelona<\/td>\n<\/tr>\n<tr>\n<td style=\"width: 50%;\">Pa\u00eds<\/td>\n<td style=\"width: 50%;\">ESPA\u00d1A<\/td>\n<\/tr>\n<\/tbody>\n<\/table>\n<p>[\/et_pb_text][et_pb_text _builder_version=\u00bb4.24.3&#8243; _module_preset=\u00bbdefault\u00bb global_colors_info=\u00bb{}\u00bb]<\/p>\n<h3>QU\u00c9 SON LOS DATOS PERSONALES Y SU TRATAMIENTO<\/h3>\n<p><\/p>\n<p>Por datos personales se entender\u00e1 toda informaci\u00f3n sobre una persona f\u00edsica identificada o identificable (\u00abinteresado\u00bb); se considerar\u00e1 identificable toda persona f\u00edsica que pueda ser identificada, directa o indirectamente, en particular mediante un identificador, como un nombre, un n\u00famero de identificaci\u00f3n, datos de localizaci\u00f3n, un identificador en l\u00ednea o uno o varios elementos espec\u00edficos, caracter\u00edsticos de la identidad f\u00edsica, fisiol\u00f3gica, gen\u00e9tica, ps\u00edquica, econ\u00f3mica, cultural o social de dicha persona f\u00edsica.<\/p>\n<p><\/p>\n<p>Adem\u00e1s, se entender\u00e1 por tratamiento cualquier operaci\u00f3n o conjunto de operaciones, efectuadas o no mediante procedimientos automatizados, y aplicadas a datos personales o a conjuntos de datos personales, como la recogida, registro, organizaci\u00f3n, estructuraci\u00f3n, conservaci\u00f3n, elaboraci\u00f3n o modificaci\u00f3n, extracci\u00f3n, consulta, utilizaci\u00f3n, comunicaci\u00f3n por transmisi\u00f3n, difusi\u00f3n o cualquier otra forma de habilitaci\u00f3n de acceso, cotejo o interconexi\u00f3n, limitaci\u00f3n, supresi\u00f3n o destrucci\u00f3n.<\/p>\n<p>[\/et_pb_text][et_pb_text _builder_version=\u00bb4.24.3&#8243; _module_preset=\u00bbdefault\u00bb global_colors_info=\u00bb{}\u00bb]<\/p>\n<h3>QU\u00c9 TRATAMIENTO DE DATOS REALIZAMOS Y CON QU\u00c9 FINES<\/h3>\n<p><\/p>\n<ul>\n<li>Solicitud de informaci\u00f3n del usuario. Para gestionar la solicitud de informaci\u00f3n enviada por el usuario a trav\u00e9s del formulario de contacto, formulario de solicitud de empleo y\/o a trav\u00e9s del correo electr\u00f3nico, direcci\u00f3n postal y n\u00famero de tel\u00e9fono facilitados en el sitio web.<\/li>\n<li>Suscripci\u00f3n al bolet\u00edn de noticias. Para gestionar la suscripci\u00f3n a boletines de noticias.<\/li>\n<\/ul>\n<p>[\/et_pb_text][et_pb_text _builder_version=\u00bb4.24.3&#8243; _module_preset=\u00bbdefault\u00bb global_colors_info=\u00bb{}\u00bb]<\/p>\n<h3>QU\u00c9 DATOS PERSONALES RECOPILAMOS<\/h3>\n<p><\/p>\n<p>A trav\u00e9s de nuestro sitio web podemos recopilar datos personales con distintos fines:<\/p>\n<p><\/p>\n<ul>\n<li>Solicitud de informaci\u00f3n del usuario. Recopilaremos los datos personales que nos haya facilitado para dar respuesta a su solicitud.<\/li>\n<li>Suscripci\u00f3n al bolet\u00edn de noticias. Recopilaremos su direcci\u00f3n de correo electr\u00f3nico.<\/li>\n<\/ul>\n<p><\/p>\n<p>En funci\u00f3n de la finalidad para la que se faciliten los datos, solo se solicitar\u00e1n los estrictamente necesarios.<\/p>\n<p><\/p>\n<p>Es importante que el usuario sea consciente de los datos que facilita y de la finalidad para la que se facilitan porque al hacerlo nos autoriza a recabar, almacenar y utilizar dichos datos para la finalidad requerida, pudiendo retirar en cualquier momento el consentimiento prestado por los cauces oportunos, siendo el consentimiento del interesado la base legal y legitimadora del tratamiento de sus datos personales.<\/p>\n<p>[\/et_pb_text][et_pb_text _builder_version=\u00bb4.24.3&#8243; _module_preset=\u00bbdefault\u00bb global_colors_info=\u00bb{}\u00bb]<\/p>\n<h3>CU\u00c1L ES LA BASE LEG\u00cdTIMA PARA EL TRATAMIENTO DE SUS DATOS PERSONALES<\/h3>\n<p><\/p>\n<p>De acuerdo con la normativa aplicable sobre protecci\u00f3n de datos, necesitamos una base leg\u00edtima para el tratamiento de sus datos personales. La base leg\u00edtima en este caso es su consentimiento.<\/p>\n<p>[\/et_pb_text][et_pb_text _builder_version=\u00bb4.24.3&#8243; _module_preset=\u00bbdefault\u00bb global_colors_info=\u00bb{}\u00bb]<\/p>\n<h3>QU\u00c9 DERECHOS TIENE SOBRE LOS DATOS PERSONALES FACILITADOS<\/h3>\n<p><\/p>\n<p>Como usuario, puede ejercer los siguientes derechos:<\/p>\n<p><\/p>\n<ul>\n<li><strong>Derecho de acceso<\/strong>: Tiene derecho a obtener de la empresa confirmaci\u00f3n de si se est\u00e1n tratando o no datos personales que le conciernen y, en caso afirmativo, a acceder a los datos personales.<\/li>\n<li><strong>Derecho de rectificaci\u00f3n<\/strong>: Tiene derecho a obtener de la empresa, sin dilaci\u00f3n indebida, la rectificaci\u00f3n de los datos personales inexactos que le conciernan. En la solicitud de rectificaci\u00f3n debe especificar los datos personales que desea rectificar.<\/li>\n<li><strong>Derecho de oposici\u00f3n<\/strong>: Tiene derecho a oponerse en cualquier momento, por motivos relacionados con su situaci\u00f3n particular, al tratamiento de los datos personales que le conciernen basado en el inter\u00e9s leg\u00edtimo. La empresa dejar\u00e1 de tratar los datos personales a menos que demuestre motivos leg\u00edtimos imperiosos para el tratamiento que prevalezcan sobre el inter\u00e9s, los derechos y las libertades del interesado o para el reconocimiento, el ejercicio o la defensa de reclamaciones legales.<\/li>\n<li><strong>Derecho de supresi\u00f3n<\/strong>: Tiene derecho a obtener de la empresa la supresi\u00f3n de los datos personales que le conciernen.<\/li>\n<li><strong>Derecho a la portabilidad de los datos<\/strong>: Usted tiene derecho a recibir sus datos personales, que ha facilitado a la empresa, en un formato estructurado, de uso com\u00fan y lectura mec\u00e1nica, y tiene derecho a transmitir esos datos a otro responsable del tratamiento sin impedimentos por parte del responsable al que se han facilitado los datos personales.<\/li>\n<li><strong>Derecho a la limitaci\u00f3n del tratamiento<\/strong>: Tiene derecho a obtener de la empresa la limitaci\u00f3n del tratamiento cuando: el interesado impugne la exactitud de los datos personales; el tratamiento sea il\u00edcito y el interesado se oponga a la supresi\u00f3n de los datos personales y solicite en su lugar la limitaci\u00f3n de su uso; el responsable del tratamiento ya no necesite los datos personales para los fines del tratamiento, pero el interesado los necesite para el reconocimiento, el ejercicio o la defensa de un derecho en un procedimiento judicial.<\/li>\n<\/ul>\n<p><\/p>\n<p>Puede ejercer sus derechos enviando una solicitud a la direcci\u00f3n indicada anteriormente o por correo electr\u00f3nico a la siguiente direcci\u00f3n privacy@asuni.com<br \/>Con su solicitud debe enviar una copia de su documento de identidad.<\/p>\n<p><\/p>\n<p>Asimismo, le informamos que si no est\u00e1 conforme con nuestra respuesta, puede presentar una reclamaci\u00f3n ante la autoridad competente (<em>Agencia Espa\u00f1ola de Protecci\u00f3n de Datos<\/em>).<\/p>\n<p>[\/et_pb_text][et_pb_text _builder_version=\u00bb4.24.3&#8243; _module_preset=\u00bbdefault\u00bb global_colors_info=\u00bb{}\u00bb]<\/p>\n<h3>SEGURIDAD Y ALMACENAMIENTO DE DATOS<\/h3>\n<p><\/p>\n<p>Conservaremos los datos durante el tiempo estrictamente necesario para la prestaci\u00f3n del servicio solicitado y mientras el interesado no solicite su supresi\u00f3n, adoptando las medidas t\u00e9cnicas y organizativas adecuadas contra el tratamiento no autorizado o ilegal y contra la p\u00e9rdida, destrucci\u00f3n o da\u00f1o accidentales, y haciendo todo lo posible para proteger y mantener los datos de forma segura.<\/p>\n<p>[\/et_pb_text][et_pb_text _builder_version=\u00bb4.24.3&#8243; _module_preset=\u00bbdefault\u00bb global_colors_info=\u00bb{}\u00bb]<\/p>\n<h3>DESTINATARIOS DE LOS DATOS PERSONALES:<\/h3>\n<p><\/p>\n<p>La empresa no comunica sus datos personales a terceros, salvo requerimiento legal o necesario para la prestaci\u00f3n del servicio solicitado.<\/p>\n<p><\/p>\n<p>No se prev\u00e9n transferencias internacionales de datos personales.<\/p>\n<p>[\/et_pb_text][et_pb_text _builder_version=\u00bb4.27.5&#8243; _module_preset=\u00bbdefault\u00bb global_colors_info=\u00bb{}\u00bb]<\/p>\n<p><a href=\"https:\/\/www.asuni.com\/es\/politica-de-cookies\/\"><strong>Pol\u00edtica de cookies<\/strong><\/a><\/p>\n<p>[\/et_pb_text][\/et_pb_column][\/et_pb_row][\/et_pb_section]<\/p>\n","protected":false},"excerpt":{"rendered":"<p>Pol\u00edtica de privacidadActualizaci\u00f3n: 7 de abril, 2024Somos una empresa en la que la transparencia informativa es esencial para establecer relaciones de confianza con las personas que integran nuestro proyecto y con nuestros proveedores y clientes, y proteger los datos personales de quienes conf\u00edan en nosotros es de vital importancia. En consecuencia, queremos que esta Pol\u00edtica [&hellip;]<\/p>\n","protected":false},"author":1,"featured_media":0,"parent":0,"menu_order":0,"comment_status":"closed","ping_status":"open","template":"","meta":{"_et_pb_use_builder":"on","_et_pb_old_content":"","_et_gb_content_width":"","_monsterinsights_skip_tracking":false,"_monsterinsights_sitenote_active":false,"_monsterinsights_sitenote_note":"","_monsterinsights_sitenote_category":0,"footnotes":""},"class_list":["post-607","page","type-page","status-publish","hentry"],"yoast_head":"<!-- This site is optimized with the Yoast SEO plugin v27.2 - https:\/\/yoast.com\/product\/yoast-seo-wordpress\/ -->\n<title>Pol\u00edtica de privacidad - Asuni<\/title>\n<meta name=\"robots\" content=\"index, follow, max-snippet:-1, max-image-preview:large, max-video-preview:-1\" \/>\n<link rel=\"canonical\" href=\"https:\/\/www.asuni.com\/es\/politica-de-privacidad\/\" \/>\n<meta property=\"og:locale\" content=\"es_ES\" \/>\n<meta property=\"og:type\" content=\"article\" \/>\n<meta property=\"og:title\" content=\"Pol\u00edtica de privacidad - Asuni\" \/>\n<meta property=\"og:description\" content=\"Pol\u00edtica de privacidadActualizaci\u00f3n: 7 de abril, 2024Somos una empresa en la que la transparencia informativa es esencial para establecer relaciones de confianza con las personas que integran nuestro proyecto y con nuestros proveedores y clientes, y proteger los datos personales de quienes conf\u00edan en nosotros es de vital importancia. En consecuencia, queremos que esta Pol\u00edtica [&hellip;]\" \/>\n<meta property=\"og:url\" content=\"https:\/\/www.asuni.com\/es\/politica-de-privacidad\/\" \/>\n<meta property=\"og:site_name\" content=\"Asuni\" \/>\n<meta property=\"article:modified_time\" content=\"2026-01-14T13:45:04+00:00\" \/>\n<meta property=\"og:image\" content=\"https:\/\/www.asuni.com\/wp-content\/uploads\/2026\/02\/cropped-a-logo-asuni-para-circulos.png\" \/>\n\t<meta property=\"og:image:width\" content=\"512\" \/>\n\t<meta property=\"og:image:height\" content=\"512\" \/>\n\t<meta property=\"og:image:type\" content=\"image\/png\" \/>\n<meta name=\"twitter:card\" content=\"summary_large_image\" \/>\n<meta name=\"twitter:label1\" content=\"Tiempo de lectura\" \/>\n\t<meta name=\"twitter:data1\" content=\"8 minutos\" \/>\n<script type=\"application\/ld+json\" class=\"yoast-schema-graph\">{\"@context\":\"https:\/\/schema.org\",\"@graph\":[{\"@type\":\"WebPage\",\"@id\":\"https:\/\/www.asuni.com\/es\/politica-de-privacidad\/\",\"url\":\"https:\/\/www.asuni.com\/es\/politica-de-privacidad\/\",\"name\":\"Pol\u00edtica de privacidad - Asuni\",\"isPartOf\":{\"@id\":\"https:\/\/www.asuni.com\/#website\"},\"datePublished\":\"2023-03-08T11:12:11+00:00\",\"dateModified\":\"2026-01-14T13:45:04+00:00\",\"breadcrumb\":{\"@id\":\"https:\/\/www.asuni.com\/es\/politica-de-privacidad\/#breadcrumb\"},\"inLanguage\":\"es\",\"potentialAction\":[{\"@type\":\"ReadAction\",\"target\":[\"https:\/\/www.asuni.com\/es\/politica-de-privacidad\/\"]}]},{\"@type\":\"BreadcrumbList\",\"@id\":\"https:\/\/www.asuni.com\/es\/politica-de-privacidad\/#breadcrumb\",\"itemListElement\":[{\"@type\":\"ListItem\",\"position\":1,\"name\":\"Home\",\"item\":\"https:\/\/www.asuni.com\/es\/quienes-somos\/\"},{\"@type\":\"ListItem\",\"position\":2,\"name\":\"Pol\u00edtica de privacidad\"}]},{\"@type\":\"WebSite\",\"@id\":\"https:\/\/www.asuni.com\/#website\",\"url\":\"https:\/\/www.asuni.com\/\",\"name\":\"Asuni\",\"description\":\"3D design software\",\"potentialAction\":[{\"@type\":\"SearchAction\",\"target\":{\"@type\":\"EntryPoint\",\"urlTemplate\":\"https:\/\/www.asuni.com\/?s={search_term_string}\"},\"query-input\":{\"@type\":\"PropertyValueSpecification\",\"valueRequired\":true,\"valueName\":\"search_term_string\"}}],\"inLanguage\":\"es\"}]}<\/script>\n<!-- \/ Yoast SEO plugin. -->","yoast_head_json":{"title":"Pol\u00edtica de privacidad - Asuni","robots":{"index":"index","follow":"follow","max-snippet":"max-snippet:-1","max-image-preview":"max-image-preview:large","max-video-preview":"max-video-preview:-1"},"canonical":"https:\/\/www.asuni.com\/es\/politica-de-privacidad\/","og_locale":"es_ES","og_type":"article","og_title":"Pol\u00edtica de privacidad - Asuni","og_description":"Pol\u00edtica de privacidadActualizaci\u00f3n: 7 de abril, 2024Somos una empresa en la que la transparencia informativa es esencial para establecer relaciones de confianza con las personas que integran nuestro proyecto y con nuestros proveedores y clientes, y proteger los datos personales de quienes conf\u00edan en nosotros es de vital importancia. En consecuencia, queremos que esta Pol\u00edtica [&hellip;]","og_url":"https:\/\/www.asuni.com\/es\/politica-de-privacidad\/","og_site_name":"Asuni","article_modified_time":"2026-01-14T13:45:04+00:00","og_image":[{"width":512,"height":512,"url":"https:\/\/www.asuni.com\/wp-content\/uploads\/2026\/02\/cropped-a-logo-asuni-para-circulos.png","type":"image\/png"}],"twitter_card":"summary_large_image","twitter_misc":{"Tiempo de lectura":"8 minutos"},"schema":{"@context":"https:\/\/schema.org","@graph":[{"@type":"WebPage","@id":"https:\/\/www.asuni.com\/es\/politica-de-privacidad\/","url":"https:\/\/www.asuni.com\/es\/politica-de-privacidad\/","name":"Pol\u00edtica de privacidad - Asuni","isPartOf":{"@id":"https:\/\/www.asuni.com\/#website"},"datePublished":"2023-03-08T11:12:11+00:00","dateModified":"2026-01-14T13:45:04+00:00","breadcrumb":{"@id":"https:\/\/www.asuni.com\/es\/politica-de-privacidad\/#breadcrumb"},"inLanguage":"es","potentialAction":[{"@type":"ReadAction","target":["https:\/\/www.asuni.com\/es\/politica-de-privacidad\/"]}]},{"@type":"BreadcrumbList","@id":"https:\/\/www.asuni.com\/es\/politica-de-privacidad\/#breadcrumb","itemListElement":[{"@type":"ListItem","position":1,"name":"Home","item":"https:\/\/www.asuni.com\/es\/quienes-somos\/"},{"@type":"ListItem","position":2,"name":"Pol\u00edtica de privacidad"}]},{"@type":"WebSite","@id":"https:\/\/www.asuni.com\/#website","url":"https:\/\/www.asuni.com\/","name":"Asuni","description":"3D design software","potentialAction":[{"@type":"SearchAction","target":{"@type":"EntryPoint","urlTemplate":"https:\/\/www.asuni.com\/?s={search_term_string}"},"query-input":{"@type":"PropertyValueSpecification","valueRequired":true,"valueName":"search_term_string"}}],"inLanguage":"es"}]}},"_links":{"self":[{"href":"https:\/\/www.asuni.com\/es\/wp-json\/wp\/v2\/pages\/607","targetHints":{"allow":["GET"]}}],"collection":[{"href":"https:\/\/www.asuni.com\/es\/wp-json\/wp\/v2\/pages"}],"about":[{"href":"https:\/\/www.asuni.com\/es\/wp-json\/wp\/v2\/types\/page"}],"author":[{"embeddable":true,"href":"https:\/\/www.asuni.com\/es\/wp-json\/wp\/v2\/users\/1"}],"replies":[{"embeddable":true,"href":"https:\/\/www.asuni.com\/es\/wp-json\/wp\/v2\/comments?post=607"}],"version-history":[{"count":8,"href":"https:\/\/www.asuni.com\/es\/wp-json\/wp\/v2\/pages\/607\/revisions"}],"predecessor-version":[{"id":651,"href":"https:\/\/www.asuni.com\/es\/wp-json\/wp\/v2\/pages\/607\/revisions\/651"}],"wp:attachment":[{"href":"https:\/\/www.asuni.com\/es\/wp-json\/wp\/v2\/media?parent=607"}],"curies":[{"name":"wp","href":"https:\/\/api.w.org\/{rel}","templated":true}]}}